{"id":86,"date":"2024-11-11T07:18:43","date_gmt":"2024-11-11T07:18:43","guid":{"rendered":"https:\/\/yunaasada.com\/?post_type=product&#038;p=86"},"modified":"2025-01-14T15:56:49","modified_gmt":"2025-01-14T15:56:49","slug":"tome-2","status":"publish","type":"product","link":"https:\/\/yunaasada.com\/?product=tome-2","title":{"rendered":"Vol vers l\u2019enfer. (tome2)"},"content":{"rendered":"<p>Naufrag\u00e9e sur Aris, Yuna Asada n&rsquo;aura de cesse de chercher Bayid\u00e9, le fameux Graal cens\u00e9 ramener son \u00e9quipage sur Terre. Face \u00e0 la toute puissante constellation d\u2019Eve, l\u2019h\u00e9ro\u00efne de Paris aura-t-elle la force de poursuivre sa mission et s\u2019opposer \u00e0 l\u2019ennemi? Un vol vers l\u2019enfer, c\u2019est une cohorte ren\u00e9gate qui impose un nouvel ordre sur l\u2019univers, des m\u00e9galomanes qui se prennent pour des dieux ou encore des affrontements dans les confins de l\u2019espace. Telle une lumi\u00e8re au bout de la nuit, la doctrine du bushido sera la voie de la Japonaise au travers des mondes d\u2019Ehlo, Eve et Y\u00f4nn, l\u2019intimant d\u2019accomplir son devoir.<\/p>\n","protected":false},"excerpt":{"rendered":"<p>Naufrag\u00e9e sur Aris, Yuna Asada n&rsquo;aura de cesse de chercher Bayid\u00e9, le fameux Graal cens\u00e9 ramener son \u00e9quipage sur Terre. Face \u00e0 la toute puissante constellation d\u2019Eve, l\u2019h\u00e9ro\u00efne de Paris aura-t-elle la force de poursuivre sa mission et s\u2019opposer \u00e0 l\u2019ennemi? Un vol vers l\u2019enfer, c\u2019est une cohorte ren\u00e9gate qui impose un nouvel ordre sur [&hellip;]<\/p>\n","protected":false},"featured_media":115,"comment_status":"open","ping_status":"closed","template":"","meta":[],"product_cat":[15],"product_tag":[],"class_list":{"0":"post-86","1":"product","2":"type-product","3":"status-publish","4":"has-post-thumbnail","6":"product_cat-non-classe","8":"first","9":"instock","10":"shipping-taxable","11":"purchasable","12":"product-type-simple"},"yoast_head":"<!-- This site is optimized with the Yoast SEO plugin v22.3 - https:\/\/yoast.com\/wordpress\/plugins\/seo\/ -->\n<title>Vol vers l\u2019enfer. (tome2) - Yuna ASADA<\/title>\n<meta name=\"robots\" content=\"index, follow, max-snippet:-1, max-image-preview:large, max-video-preview:-1\" \/>\n<link rel=\"canonical\" href=\"https:\/\/yunaasada.com\/?product=tome-2\" \/>\n<meta property=\"og:locale\" content=\"fr_FR\" \/>\n<meta property=\"og:type\" content=\"article\" \/>\n<meta property=\"og:title\" content=\"Vol vers l\u2019enfer. (tome2) - Yuna ASADA\" \/>\n<meta property=\"og:description\" content=\"Naufrag\u00e9e sur Aris, Yuna Asada n&rsquo;aura de cesse de chercher Bayid\u00e9, le fameux Graal cens\u00e9 ramener son \u00e9quipage sur Terre. Face \u00e0 la toute puissante constellation d\u2019Eve, l\u2019h\u00e9ro\u00efne de Paris aura-t-elle la force de poursuivre sa mission et s\u2019opposer \u00e0 l\u2019ennemi? Un vol vers l\u2019enfer, c\u2019est une cohorte ren\u00e9gate qui impose un nouvel ordre sur [&hellip;]\" \/>\n<meta property=\"og:url\" content=\"https:\/\/yunaasada.com\/?product=tome-2\" \/>\n<meta property=\"og:site_name\" content=\"Yuna ASADA\" \/>\n<meta property=\"article:modified_time\" content=\"2025-01-14T15:56:49+00:00\" \/>\n<meta property=\"og:image\" content=\"https:\/\/yunaasada.com\/wp-content\/uploads\/2025\/01\/Volverslenfer.jpg\" \/>\n\t<meta property=\"og:image:width\" content=\"567\" \/>\n\t<meta property=\"og:image:height\" content=\"796\" \/>\n\t<meta property=\"og:image:type\" content=\"image\/jpeg\" \/>\n<meta name=\"twitter:card\" content=\"summary_large_image\" \/>\n<meta name=\"twitter:label1\" content=\"Dur\u00e9e de lecture estim\u00e9e\" \/>\n\t<meta name=\"twitter:data1\" content=\"1 minute\" \/>\n<script type=\"application\/ld+json\" class=\"yoast-schema-graph\">{\"@context\":\"https:\/\/schema.org\",\"@graph\":[{\"@type\":\"WebPage\",\"@id\":\"https:\/\/yunaasada.com\/?product=tome-2\",\"url\":\"https:\/\/yunaasada.com\/?product=tome-2\",\"name\":\"Vol vers l\u2019enfer. (tome2) - Yuna ASADA\",\"isPartOf\":{\"@id\":\"https:\/\/yunaasada.com\/#website\"},\"primaryImageOfPage\":{\"@id\":\"https:\/\/yunaasada.com\/?product=tome-2#primaryimage\"},\"image\":{\"@id\":\"https:\/\/yunaasada.com\/?product=tome-2#primaryimage\"},\"thumbnailUrl\":\"https:\/\/yunaasada.com\/wp-content\/uploads\/2025\/01\/Volverslenfer.jpg\",\"datePublished\":\"2024-11-11T07:18:43+00:00\",\"dateModified\":\"2025-01-14T15:56:49+00:00\",\"breadcrumb\":{\"@id\":\"https:\/\/yunaasada.com\/?product=tome-2#breadcrumb\"},\"inLanguage\":\"fr-FR\",\"potentialAction\":[{\"@type\":\"ReadAction\",\"target\":[\"https:\/\/yunaasada.com\/?product=tome-2\"]}]},{\"@type\":\"ImageObject\",\"inLanguage\":\"fr-FR\",\"@id\":\"https:\/\/yunaasada.com\/?product=tome-2#primaryimage\",\"url\":\"https:\/\/yunaasada.com\/wp-content\/uploads\/2025\/01\/Volverslenfer.jpg\",\"contentUrl\":\"https:\/\/yunaasada.com\/wp-content\/uploads\/2025\/01\/Volverslenfer.jpg\",\"width\":567,\"height\":796},{\"@type\":\"BreadcrumbList\",\"@id\":\"https:\/\/yunaasada.com\/?product=tome-2#breadcrumb\",\"itemListElement\":[{\"@type\":\"ListItem\",\"position\":1,\"name\":\"Accueil\",\"item\":\"https:\/\/yunaasada.com\/\"},{\"@type\":\"ListItem\",\"position\":2,\"name\":\"Boutique\",\"item\":\"https:\/\/yunaasada.com\/?page_id=5\"},{\"@type\":\"ListItem\",\"position\":3,\"name\":\"Vol vers l\u2019enfer. (tome2)\"}]},{\"@type\":\"WebSite\",\"@id\":\"https:\/\/yunaasada.com\/#website\",\"url\":\"https:\/\/yunaasada.com\/\",\"name\":\"Yuna ASADA\",\"description\":\"\",\"potentialAction\":[{\"@type\":\"SearchAction\",\"target\":{\"@type\":\"EntryPoint\",\"urlTemplate\":\"https:\/\/yunaasada.com\/?s={search_term_string}\"},\"query-input\":\"required name=search_term_string\"}],\"inLanguage\":\"fr-FR\"}]}<\/script>\n<!-- \/ Yoast SEO plugin. -->","yoast_head_json":{"title":"Vol vers l\u2019enfer. (tome2) - Yuna ASADA","robots":{"index":"index","follow":"follow","max-snippet":"max-snippet:-1","max-image-preview":"max-image-preview:large","max-video-preview":"max-video-preview:-1"},"canonical":"https:\/\/yunaasada.com\/?product=tome-2","og_locale":"fr_FR","og_type":"article","og_title":"Vol vers l\u2019enfer. (tome2) - Yuna ASADA","og_description":"Naufrag\u00e9e sur Aris, Yuna Asada n&rsquo;aura de cesse de chercher Bayid\u00e9, le fameux Graal cens\u00e9 ramener son \u00e9quipage sur Terre. Face \u00e0 la toute puissante constellation d\u2019Eve, l\u2019h\u00e9ro\u00efne de Paris aura-t-elle la force de poursuivre sa mission et s\u2019opposer \u00e0 l\u2019ennemi? Un vol vers l\u2019enfer, c\u2019est une cohorte ren\u00e9gate qui impose un nouvel ordre sur [&hellip;]","og_url":"https:\/\/yunaasada.com\/?product=tome-2","og_site_name":"Yuna ASADA","article_modified_time":"2025-01-14T15:56:49+00:00","og_image":[{"width":567,"height":796,"url":"https:\/\/yunaasada.com\/wp-content\/uploads\/2025\/01\/Volverslenfer.jpg","type":"image\/jpeg"}],"twitter_card":"summary_large_image","twitter_misc":{"Dur\u00e9e de lecture estim\u00e9e":"1 minute"},"schema":{"@context":"https:\/\/schema.org","@graph":[{"@type":"WebPage","@id":"https:\/\/yunaasada.com\/?product=tome-2","url":"https:\/\/yunaasada.com\/?product=tome-2","name":"Vol vers l\u2019enfer. (tome2) - Yuna ASADA","isPartOf":{"@id":"https:\/\/yunaasada.com\/#website"},"primaryImageOfPage":{"@id":"https:\/\/yunaasada.com\/?product=tome-2#primaryimage"},"image":{"@id":"https:\/\/yunaasada.com\/?product=tome-2#primaryimage"},"thumbnailUrl":"https:\/\/yunaasada.com\/wp-content\/uploads\/2025\/01\/Volverslenfer.jpg","datePublished":"2024-11-11T07:18:43+00:00","dateModified":"2025-01-14T15:56:49+00:00","breadcrumb":{"@id":"https:\/\/yunaasada.com\/?product=tome-2#breadcrumb"},"inLanguage":"fr-FR","potentialAction":[{"@type":"ReadAction","target":["https:\/\/yunaasada.com\/?product=tome-2"]}]},{"@type":"ImageObject","inLanguage":"fr-FR","@id":"https:\/\/yunaasada.com\/?product=tome-2#primaryimage","url":"https:\/\/yunaasada.com\/wp-content\/uploads\/2025\/01\/Volverslenfer.jpg","contentUrl":"https:\/\/yunaasada.com\/wp-content\/uploads\/2025\/01\/Volverslenfer.jpg","width":567,"height":796},{"@type":"BreadcrumbList","@id":"https:\/\/yunaasada.com\/?product=tome-2#breadcrumb","itemListElement":[{"@type":"ListItem","position":1,"name":"Accueil","item":"https:\/\/yunaasada.com\/"},{"@type":"ListItem","position":2,"name":"Boutique","item":"https:\/\/yunaasada.com\/?page_id=5"},{"@type":"ListItem","position":3,"name":"Vol vers l\u2019enfer. (tome2)"}]},{"@type":"WebSite","@id":"https:\/\/yunaasada.com\/#website","url":"https:\/\/yunaasada.com\/","name":"Yuna ASADA","description":"","potentialAction":[{"@type":"SearchAction","target":{"@type":"EntryPoint","urlTemplate":"https:\/\/yunaasada.com\/?s={search_term_string}"},"query-input":"required name=search_term_string"}],"inLanguage":"fr-FR"}]}},"_links":{"self":[{"href":"https:\/\/yunaasada.com\/index.php?rest_route=\/wp\/v2\/product\/86","targetHints":{"allow":["GET"]}}],"collection":[{"href":"https:\/\/yunaasada.com\/index.php?rest_route=\/wp\/v2\/product"}],"about":[{"href":"https:\/\/yunaasada.com\/index.php?rest_route=\/wp\/v2\/types\/product"}],"replies":[{"embeddable":true,"href":"https:\/\/yunaasada.com\/index.php?rest_route=%2Fwp%2Fv2%2Fcomments&post=86"}],"wp:featuredmedia":[{"embeddable":true,"href":"https:\/\/yunaasada.com\/index.php?rest_route=\/wp\/v2\/media\/115"}],"wp:attachment":[{"href":"https:\/\/yunaasada.com\/index.php?rest_route=%2Fwp%2Fv2%2Fmedia&parent=86"}],"wp:term":[{"taxonomy":"product_cat","embeddable":true,"href":"https:\/\/yunaasada.com\/index.php?rest_route=%2Fwp%2Fv2%2Fproduct_cat&post=86"},{"taxonomy":"product_tag","embeddable":true,"href":"https:\/\/yunaasada.com\/index.php?rest_route=%2Fwp%2Fv2%2Fproduct_tag&post=86"}],"curies":[{"name":"wp","href":"https:\/\/api.w.org\/{rel}","templated":true}]}}