{"id":85,"date":"2024-11-11T07:17:29","date_gmt":"2024-11-11T07:17:29","guid":{"rendered":"https:\/\/yunaasada.com\/?post_type=product&#038;p=85"},"modified":"2025-01-09T06:23:50","modified_gmt":"2025-01-09T06:23:50","slug":"tom1","status":"publish","type":"product","link":"https:\/\/yunaasada.com\/?product=tom1","title":{"rendered":"Une autre Terre. (tome1)"},"content":{"rendered":"<p>2058, Yuna Asada est assign\u00e9e sur Paris, une station agonisante en orbite solaire. Vou\u00e9e \u00e0 un destin hors du commun, elle sera propuls\u00e9e dans un conflit plan\u00e9taire dont la port\u00e9e s\u2019\u00e9tend bien au-del\u00e0 de la galaxie. Fid\u00e8le \u00e0 la tradition ancestrale et h\u00e9ro\u00efne discr\u00e8te de l\u2019histoire, trouvera-t-elle l\u2019\u00e9nergie de survivre dans un univers o\u00f9 chaque camp impose sa propre v\u00e9rit\u00e9? Une autre Terre, c\u2019est l\u2019aventure de douze personnes improbables et charismatiques, qui s\u2019opposent \u00e0 une guilde opprimant ses mondes. Leurs r\u00e9cits vont s\u2019entrem\u00ealer et nous faire d\u00e9couvrir les plan\u00e8tes Y\u00f4nn, Taranis, Ehlo et Eve, qui tentent \u00e0 leur tour de d\u00e9jouer ces jeux de pouvoir et de survivre co\u00fbte que co\u00fbte.<\/p>\n","protected":false},"excerpt":{"rendered":"<p>2058, Yuna Asada est assign\u00e9e sur Paris, une station agonisante en orbite solaire. Vou\u00e9e \u00e0 un destin hors du commun, elle sera propuls\u00e9e dans un conflit plan\u00e9taire dont la port\u00e9e s\u2019\u00e9tend bien au-del\u00e0 de la galaxie. Fid\u00e8le \u00e0 la tradition ancestrale et h\u00e9ro\u00efne discr\u00e8te de l\u2019histoire, trouvera-t-elle l\u2019\u00e9nergie de survivre dans un univers o\u00f9 chaque [&hellip;]<\/p>\n","protected":false},"featured_media":73,"comment_status":"open","ping_status":"closed","template":"","meta":[],"product_cat":[15],"product_tag":[],"class_list":{"0":"post-85","1":"product","2":"type-product","3":"status-publish","4":"has-post-thumbnail","6":"product_cat-non-classe","8":"first","9":"instock","10":"shipping-taxable","11":"purchasable","12":"product-type-simple"},"yoast_head":"<!-- This site is optimized with the Yoast SEO plugin v22.3 - https:\/\/yoast.com\/wordpress\/plugins\/seo\/ -->\n<title>Une autre Terre. (tome1) - Yuna ASADA<\/title>\n<meta name=\"robots\" content=\"index, follow, max-snippet:-1, max-image-preview:large, max-video-preview:-1\" \/>\n<link rel=\"canonical\" href=\"https:\/\/yunaasada.com\/?product=tom1\" \/>\n<meta property=\"og:locale\" content=\"fr_FR\" \/>\n<meta property=\"og:type\" content=\"article\" \/>\n<meta property=\"og:title\" content=\"Une autre Terre. (tome1) - Yuna ASADA\" \/>\n<meta property=\"og:description\" content=\"2058, Yuna Asada est assign\u00e9e sur Paris, une station agonisante en orbite solaire. Vou\u00e9e \u00e0 un destin hors du commun, elle sera propuls\u00e9e dans un conflit plan\u00e9taire dont la port\u00e9e s\u2019\u00e9tend bien au-del\u00e0 de la galaxie. Fid\u00e8le \u00e0 la tradition ancestrale et h\u00e9ro\u00efne discr\u00e8te de l\u2019histoire, trouvera-t-elle l\u2019\u00e9nergie de survivre dans un univers o\u00f9 chaque [&hellip;]\" \/>\n<meta property=\"og:url\" content=\"https:\/\/yunaasada.com\/?product=tom1\" \/>\n<meta property=\"og:site_name\" content=\"Yuna ASADA\" \/>\n<meta property=\"article:modified_time\" content=\"2025-01-09T06:23:50+00:00\" \/>\n<meta property=\"og:image\" content=\"https:\/\/yunaasada.com\/wp-content\/uploads\/2024\/11\/Pre0413.jpg\" \/>\n\t<meta property=\"og:image:width\" content=\"570\" \/>\n\t<meta property=\"og:image:height\" content=\"796\" \/>\n\t<meta property=\"og:image:type\" content=\"image\/jpeg\" \/>\n<meta name=\"twitter:card\" content=\"summary_large_image\" \/>\n<meta name=\"twitter:label1\" content=\"Dur\u00e9e de lecture estim\u00e9e\" \/>\n\t<meta name=\"twitter:data1\" content=\"1 minute\" \/>\n<script type=\"application\/ld+json\" class=\"yoast-schema-graph\">{\"@context\":\"https:\/\/schema.org\",\"@graph\":[{\"@type\":\"WebPage\",\"@id\":\"https:\/\/yunaasada.com\/?product=tom1\",\"url\":\"https:\/\/yunaasada.com\/?product=tom1\",\"name\":\"Une autre Terre. (tome1) - Yuna ASADA\",\"isPartOf\":{\"@id\":\"https:\/\/yunaasada.com\/#website\"},\"primaryImageOfPage\":{\"@id\":\"https:\/\/yunaasada.com\/?product=tom1#primaryimage\"},\"image\":{\"@id\":\"https:\/\/yunaasada.com\/?product=tom1#primaryimage\"},\"thumbnailUrl\":\"https:\/\/yunaasada.com\/wp-content\/uploads\/2024\/11\/Pre0413.jpg\",\"datePublished\":\"2024-11-11T07:17:29+00:00\",\"dateModified\":\"2025-01-09T06:23:50+00:00\",\"breadcrumb\":{\"@id\":\"https:\/\/yunaasada.com\/?product=tom1#breadcrumb\"},\"inLanguage\":\"fr-FR\",\"potentialAction\":[{\"@type\":\"ReadAction\",\"target\":[\"https:\/\/yunaasada.com\/?product=tom1\"]}]},{\"@type\":\"ImageObject\",\"inLanguage\":\"fr-FR\",\"@id\":\"https:\/\/yunaasada.com\/?product=tom1#primaryimage\",\"url\":\"https:\/\/yunaasada.com\/wp-content\/uploads\/2024\/11\/Pre0413.jpg\",\"contentUrl\":\"https:\/\/yunaasada.com\/wp-content\/uploads\/2024\/11\/Pre0413.jpg\",\"width\":570,\"height\":796},{\"@type\":\"BreadcrumbList\",\"@id\":\"https:\/\/yunaasada.com\/?product=tom1#breadcrumb\",\"itemListElement\":[{\"@type\":\"ListItem\",\"position\":1,\"name\":\"Accueil\",\"item\":\"https:\/\/yunaasada.com\/\"},{\"@type\":\"ListItem\",\"position\":2,\"name\":\"Boutique\",\"item\":\"https:\/\/yunaasada.com\/?page_id=5\"},{\"@type\":\"ListItem\",\"position\":3,\"name\":\"Une autre Terre. (tome1)\"}]},{\"@type\":\"WebSite\",\"@id\":\"https:\/\/yunaasada.com\/#website\",\"url\":\"https:\/\/yunaasada.com\/\",\"name\":\"Yuna ASADA\",\"description\":\"\",\"potentialAction\":[{\"@type\":\"SearchAction\",\"target\":{\"@type\":\"EntryPoint\",\"urlTemplate\":\"https:\/\/yunaasada.com\/?s={search_term_string}\"},\"query-input\":\"required name=search_term_string\"}],\"inLanguage\":\"fr-FR\"}]}<\/script>\n<!-- \/ Yoast SEO plugin. -->","yoast_head_json":{"title":"Une autre Terre. (tome1) - Yuna ASADA","robots":{"index":"index","follow":"follow","max-snippet":"max-snippet:-1","max-image-preview":"max-image-preview:large","max-video-preview":"max-video-preview:-1"},"canonical":"https:\/\/yunaasada.com\/?product=tom1","og_locale":"fr_FR","og_type":"article","og_title":"Une autre Terre. (tome1) - Yuna ASADA","og_description":"2058, Yuna Asada est assign\u00e9e sur Paris, une station agonisante en orbite solaire. Vou\u00e9e \u00e0 un destin hors du commun, elle sera propuls\u00e9e dans un conflit plan\u00e9taire dont la port\u00e9e s\u2019\u00e9tend bien au-del\u00e0 de la galaxie. Fid\u00e8le \u00e0 la tradition ancestrale et h\u00e9ro\u00efne discr\u00e8te de l\u2019histoire, trouvera-t-elle l\u2019\u00e9nergie de survivre dans un univers o\u00f9 chaque [&hellip;]","og_url":"https:\/\/yunaasada.com\/?product=tom1","og_site_name":"Yuna ASADA","article_modified_time":"2025-01-09T06:23:50+00:00","og_image":[{"width":570,"height":796,"url":"https:\/\/yunaasada.com\/wp-content\/uploads\/2024\/11\/Pre0413.jpg","type":"image\/jpeg"}],"twitter_card":"summary_large_image","twitter_misc":{"Dur\u00e9e de lecture estim\u00e9e":"1 minute"},"schema":{"@context":"https:\/\/schema.org","@graph":[{"@type":"WebPage","@id":"https:\/\/yunaasada.com\/?product=tom1","url":"https:\/\/yunaasada.com\/?product=tom1","name":"Une autre Terre. (tome1) - Yuna ASADA","isPartOf":{"@id":"https:\/\/yunaasada.com\/#website"},"primaryImageOfPage":{"@id":"https:\/\/yunaasada.com\/?product=tom1#primaryimage"},"image":{"@id":"https:\/\/yunaasada.com\/?product=tom1#primaryimage"},"thumbnailUrl":"https:\/\/yunaasada.com\/wp-content\/uploads\/2024\/11\/Pre0413.jpg","datePublished":"2024-11-11T07:17:29+00:00","dateModified":"2025-01-09T06:23:50+00:00","breadcrumb":{"@id":"https:\/\/yunaasada.com\/?product=tom1#breadcrumb"},"inLanguage":"fr-FR","potentialAction":[{"@type":"ReadAction","target":["https:\/\/yunaasada.com\/?product=tom1"]}]},{"@type":"ImageObject","inLanguage":"fr-FR","@id":"https:\/\/yunaasada.com\/?product=tom1#primaryimage","url":"https:\/\/yunaasada.com\/wp-content\/uploads\/2024\/11\/Pre0413.jpg","contentUrl":"https:\/\/yunaasada.com\/wp-content\/uploads\/2024\/11\/Pre0413.jpg","width":570,"height":796},{"@type":"BreadcrumbList","@id":"https:\/\/yunaasada.com\/?product=tom1#breadcrumb","itemListElement":[{"@type":"ListItem","position":1,"name":"Accueil","item":"https:\/\/yunaasada.com\/"},{"@type":"ListItem","position":2,"name":"Boutique","item":"https:\/\/yunaasada.com\/?page_id=5"},{"@type":"ListItem","position":3,"name":"Une autre Terre. (tome1)"}]},{"@type":"WebSite","@id":"https:\/\/yunaasada.com\/#website","url":"https:\/\/yunaasada.com\/","name":"Yuna ASADA","description":"","potentialAction":[{"@type":"SearchAction","target":{"@type":"EntryPoint","urlTemplate":"https:\/\/yunaasada.com\/?s={search_term_string}"},"query-input":"required name=search_term_string"}],"inLanguage":"fr-FR"}]}},"_links":{"self":[{"href":"https:\/\/yunaasada.com\/index.php?rest_route=\/wp\/v2\/product\/85","targetHints":{"allow":["GET"]}}],"collection":[{"href":"https:\/\/yunaasada.com\/index.php?rest_route=\/wp\/v2\/product"}],"about":[{"href":"https:\/\/yunaasada.com\/index.php?rest_route=\/wp\/v2\/types\/product"}],"replies":[{"embeddable":true,"href":"https:\/\/yunaasada.com\/index.php?rest_route=%2Fwp%2Fv2%2Fcomments&post=85"}],"wp:featuredmedia":[{"embeddable":true,"href":"https:\/\/yunaasada.com\/index.php?rest_route=\/wp\/v2\/media\/73"}],"wp:attachment":[{"href":"https:\/\/yunaasada.com\/index.php?rest_route=%2Fwp%2Fv2%2Fmedia&parent=85"}],"wp:term":[{"taxonomy":"product_cat","embeddable":true,"href":"https:\/\/yunaasada.com\/index.php?rest_route=%2Fwp%2Fv2%2Fproduct_cat&post=85"},{"taxonomy":"product_tag","embeddable":true,"href":"https:\/\/yunaasada.com\/index.php?rest_route=%2Fwp%2Fv2%2Fproduct_tag&post=85"}],"curies":[{"name":"wp","href":"https:\/\/api.w.org\/{rel}","templated":true}]}}