{"id":80,"date":"2024-11-11T07:10:08","date_gmt":"2024-11-11T07:10:08","guid":{"rendered":"https:\/\/yunaasada.com\/?post_type=product&#038;p=80"},"modified":"2025-01-14T16:07:51","modified_gmt":"2025-01-14T16:07:51","slug":"t-shirt-femme","status":"publish","type":"product","link":"https:\/\/yunaasada.com\/?product=t-shirt-femme","title":{"rendered":"T-Shirt Femme"},"content":{"rendered":"<p>Ce t-shirt met en sc\u00e8ne Yunna Assada, une h\u00e9ro\u00efne audacieuse de science-fiction. Arm\u00e9e de courage et d\u2019intelligence, Yunna incarne la d\u00e9termination dans un univers futuriste o\u00f9 elle lutte pour la justice intergalactique. Avec des d\u00e9tails \u00e9voquant l&rsquo;exploration spatiale et la technologie avanc\u00e9e, ce design refl\u00e8te la force et la r\u00e9silience d\u2019une h\u00e9ro\u00efne pr\u00eate \u00e0 tout pour d\u00e9fendre la galaxie. Portez ce t-shirt pour un style inspir\u00e9 et futuriste, qui fera briller votre esprit d\u2019aventure!<\/p>\n","protected":false},"excerpt":{"rendered":"<p>Ce t-shirt met en sc\u00e8ne Yunna Assada, une h\u00e9ro\u00efne audacieuse de science-fiction. Arm\u00e9e de courage et d\u2019intelligence, Yunna incarne la d\u00e9termination dans un univers futuriste o\u00f9 elle lutte pour la justice intergalactique. Avec des d\u00e9tails \u00e9voquant l&rsquo;exploration spatiale et la technologie avanc\u00e9e, ce design refl\u00e8te la force et la r\u00e9silience d\u2019une h\u00e9ro\u00efne pr\u00eate \u00e0 tout [&hellip;]<\/p>\n","protected":false},"featured_media":79,"comment_status":"open","ping_status":"closed","template":"","meta":[],"product_cat":[15],"product_tag":[],"class_list":{"0":"post-80","1":"product","2":"type-product","3":"status-publish","4":"has-post-thumbnail","6":"product_cat-non-classe","8":"first","9":"instock","10":"shipping-taxable","11":"purchasable","12":"product-type-variable"},"yoast_head":"<!-- This site is optimized with the Yoast SEO plugin v22.3 - https:\/\/yoast.com\/wordpress\/plugins\/seo\/ -->\n<title>T-Shirt Femme - Yuna ASADA<\/title>\n<meta name=\"robots\" content=\"index, follow, max-snippet:-1, max-image-preview:large, max-video-preview:-1\" \/>\n<link rel=\"canonical\" href=\"https:\/\/yunaasada.com\/?product=t-shirt-femme\" \/>\n<meta property=\"og:locale\" content=\"fr_FR\" \/>\n<meta property=\"og:type\" content=\"article\" \/>\n<meta property=\"og:title\" content=\"T-Shirt Femme - Yuna ASADA\" \/>\n<meta property=\"og:description\" content=\"Ce t-shirt met en sc\u00e8ne Yunna Assada, une h\u00e9ro\u00efne audacieuse de science-fiction. Arm\u00e9e de courage et d\u2019intelligence, Yunna incarne la d\u00e9termination dans un univers futuriste o\u00f9 elle lutte pour la justice intergalactique. Avec des d\u00e9tails \u00e9voquant l&rsquo;exploration spatiale et la technologie avanc\u00e9e, ce design refl\u00e8te la force et la r\u00e9silience d\u2019une h\u00e9ro\u00efne pr\u00eate \u00e0 tout [&hellip;]\" \/>\n<meta property=\"og:url\" content=\"https:\/\/yunaasada.com\/?product=t-shirt-femme\" \/>\n<meta property=\"og:site_name\" content=\"Yuna ASADA\" \/>\n<meta property=\"article:modified_time\" content=\"2025-01-14T16:07:51+00:00\" \/>\n<meta property=\"og:image\" content=\"https:\/\/yunaasada.com\/wp-content\/uploads\/2024\/11\/T-shirt-scaled-e1736404060754.jpg\" \/>\n\t<meta property=\"og:image:width\" content=\"1628\" \/>\n\t<meta property=\"og:image:height\" content=\"1550\" \/>\n\t<meta property=\"og:image:type\" content=\"image\/jpeg\" \/>\n<meta name=\"twitter:card\" content=\"summary_large_image\" \/>\n<meta name=\"twitter:label1\" content=\"Dur\u00e9e de lecture estim\u00e9e\" \/>\n\t<meta name=\"twitter:data1\" content=\"1 minute\" \/>\n<script type=\"application\/ld+json\" class=\"yoast-schema-graph\">{\"@context\":\"https:\/\/schema.org\",\"@graph\":[{\"@type\":\"WebPage\",\"@id\":\"https:\/\/yunaasada.com\/?product=t-shirt-femme\",\"url\":\"https:\/\/yunaasada.com\/?product=t-shirt-femme\",\"name\":\"T-Shirt Femme - Yuna ASADA\",\"isPartOf\":{\"@id\":\"https:\/\/yunaasada.com\/#website\"},\"primaryImageOfPage\":{\"@id\":\"https:\/\/yunaasada.com\/?product=t-shirt-femme#primaryimage\"},\"image\":{\"@id\":\"https:\/\/yunaasada.com\/?product=t-shirt-femme#primaryimage\"},\"thumbnailUrl\":\"https:\/\/yunaasada.com\/wp-content\/uploads\/2024\/11\/T-shirt-scaled-e1736404060754.jpg\",\"datePublished\":\"2024-11-11T07:10:08+00:00\",\"dateModified\":\"2025-01-14T16:07:51+00:00\",\"breadcrumb\":{\"@id\":\"https:\/\/yunaasada.com\/?product=t-shirt-femme#breadcrumb\"},\"inLanguage\":\"fr-FR\",\"potentialAction\":[{\"@type\":\"ReadAction\",\"target\":[\"https:\/\/yunaasada.com\/?product=t-shirt-femme\"]}]},{\"@type\":\"ImageObject\",\"inLanguage\":\"fr-FR\",\"@id\":\"https:\/\/yunaasada.com\/?product=t-shirt-femme#primaryimage\",\"url\":\"https:\/\/yunaasada.com\/wp-content\/uploads\/2024\/11\/T-shirt-scaled-e1736404060754.jpg\",\"contentUrl\":\"https:\/\/yunaasada.com\/wp-content\/uploads\/2024\/11\/T-shirt-scaled-e1736404060754.jpg\",\"width\":1628,\"height\":1550},{\"@type\":\"BreadcrumbList\",\"@id\":\"https:\/\/yunaasada.com\/?product=t-shirt-femme#breadcrumb\",\"itemListElement\":[{\"@type\":\"ListItem\",\"position\":1,\"name\":\"Accueil\",\"item\":\"https:\/\/yunaasada.com\/\"},{\"@type\":\"ListItem\",\"position\":2,\"name\":\"Boutique\",\"item\":\"https:\/\/yunaasada.com\/?page_id=5\"},{\"@type\":\"ListItem\",\"position\":3,\"name\":\"T-Shirt Femme\"}]},{\"@type\":\"WebSite\",\"@id\":\"https:\/\/yunaasada.com\/#website\",\"url\":\"https:\/\/yunaasada.com\/\",\"name\":\"Yuna ASADA\",\"description\":\"\",\"potentialAction\":[{\"@type\":\"SearchAction\",\"target\":{\"@type\":\"EntryPoint\",\"urlTemplate\":\"https:\/\/yunaasada.com\/?s={search_term_string}\"},\"query-input\":\"required name=search_term_string\"}],\"inLanguage\":\"fr-FR\"}]}<\/script>\n<!-- \/ Yoast SEO plugin. -->","yoast_head_json":{"title":"T-Shirt Femme - Yuna ASADA","robots":{"index":"index","follow":"follow","max-snippet":"max-snippet:-1","max-image-preview":"max-image-preview:large","max-video-preview":"max-video-preview:-1"},"canonical":"https:\/\/yunaasada.com\/?product=t-shirt-femme","og_locale":"fr_FR","og_type":"article","og_title":"T-Shirt Femme - Yuna ASADA","og_description":"Ce t-shirt met en sc\u00e8ne Yunna Assada, une h\u00e9ro\u00efne audacieuse de science-fiction. Arm\u00e9e de courage et d\u2019intelligence, Yunna incarne la d\u00e9termination dans un univers futuriste o\u00f9 elle lutte pour la justice intergalactique. Avec des d\u00e9tails \u00e9voquant l&rsquo;exploration spatiale et la technologie avanc\u00e9e, ce design refl\u00e8te la force et la r\u00e9silience d\u2019une h\u00e9ro\u00efne pr\u00eate \u00e0 tout [&hellip;]","og_url":"https:\/\/yunaasada.com\/?product=t-shirt-femme","og_site_name":"Yuna ASADA","article_modified_time":"2025-01-14T16:07:51+00:00","og_image":[{"width":1628,"height":1550,"url":"https:\/\/yunaasada.com\/wp-content\/uploads\/2024\/11\/T-shirt-scaled-e1736404060754.jpg","type":"image\/jpeg"}],"twitter_card":"summary_large_image","twitter_misc":{"Dur\u00e9e de lecture estim\u00e9e":"1 minute"},"schema":{"@context":"https:\/\/schema.org","@graph":[{"@type":"WebPage","@id":"https:\/\/yunaasada.com\/?product=t-shirt-femme","url":"https:\/\/yunaasada.com\/?product=t-shirt-femme","name":"T-Shirt Femme - Yuna ASADA","isPartOf":{"@id":"https:\/\/yunaasada.com\/#website"},"primaryImageOfPage":{"@id":"https:\/\/yunaasada.com\/?product=t-shirt-femme#primaryimage"},"image":{"@id":"https:\/\/yunaasada.com\/?product=t-shirt-femme#primaryimage"},"thumbnailUrl":"https:\/\/yunaasada.com\/wp-content\/uploads\/2024\/11\/T-shirt-scaled-e1736404060754.jpg","datePublished":"2024-11-11T07:10:08+00:00","dateModified":"2025-01-14T16:07:51+00:00","breadcrumb":{"@id":"https:\/\/yunaasada.com\/?product=t-shirt-femme#breadcrumb"},"inLanguage":"fr-FR","potentialAction":[{"@type":"ReadAction","target":["https:\/\/yunaasada.com\/?product=t-shirt-femme"]}]},{"@type":"ImageObject","inLanguage":"fr-FR","@id":"https:\/\/yunaasada.com\/?product=t-shirt-femme#primaryimage","url":"https:\/\/yunaasada.com\/wp-content\/uploads\/2024\/11\/T-shirt-scaled-e1736404060754.jpg","contentUrl":"https:\/\/yunaasada.com\/wp-content\/uploads\/2024\/11\/T-shirt-scaled-e1736404060754.jpg","width":1628,"height":1550},{"@type":"BreadcrumbList","@id":"https:\/\/yunaasada.com\/?product=t-shirt-femme#breadcrumb","itemListElement":[{"@type":"ListItem","position":1,"name":"Accueil","item":"https:\/\/yunaasada.com\/"},{"@type":"ListItem","position":2,"name":"Boutique","item":"https:\/\/yunaasada.com\/?page_id=5"},{"@type":"ListItem","position":3,"name":"T-Shirt Femme"}]},{"@type":"WebSite","@id":"https:\/\/yunaasada.com\/#website","url":"https:\/\/yunaasada.com\/","name":"Yuna ASADA","description":"","potentialAction":[{"@type":"SearchAction","target":{"@type":"EntryPoint","urlTemplate":"https:\/\/yunaasada.com\/?s={search_term_string}"},"query-input":"required name=search_term_string"}],"inLanguage":"fr-FR"}]}},"_links":{"self":[{"href":"https:\/\/yunaasada.com\/index.php?rest_route=\/wp\/v2\/product\/80","targetHints":{"allow":["GET"]}}],"collection":[{"href":"https:\/\/yunaasada.com\/index.php?rest_route=\/wp\/v2\/product"}],"about":[{"href":"https:\/\/yunaasada.com\/index.php?rest_route=\/wp\/v2\/types\/product"}],"replies":[{"embeddable":true,"href":"https:\/\/yunaasada.com\/index.php?rest_route=%2Fwp%2Fv2%2Fcomments&post=80"}],"wp:featuredmedia":[{"embeddable":true,"href":"https:\/\/yunaasada.com\/index.php?rest_route=\/wp\/v2\/media\/79"}],"wp:attachment":[{"href":"https:\/\/yunaasada.com\/index.php?rest_route=%2Fwp%2Fv2%2Fmedia&parent=80"}],"wp:term":[{"taxonomy":"product_cat","embeddable":true,"href":"https:\/\/yunaasada.com\/index.php?rest_route=%2Fwp%2Fv2%2Fproduct_cat&post=80"},{"taxonomy":"product_tag","embeddable":true,"href":"https:\/\/yunaasada.com\/index.php?rest_route=%2Fwp%2Fv2%2Fproduct_tag&post=80"}],"curies":[{"name":"wp","href":"https:\/\/api.w.org\/{rel}","templated":true}]}}