{"id":119,"date":"2025-01-09T06:31:46","date_gmt":"2025-01-09T06:31:46","guid":{"rendered":"https:\/\/yunaasada.com\/?page_id=119"},"modified":"2025-02-10T19:08:37","modified_gmt":"2025-02-10T19:08:37","slug":"contact","status":"publish","type":"page","link":"https:\/\/yunaasada.com\/?page_id=119","title":{"rendered":"Nous laisser un mail"},"content":{"rendered":"\n<div class=\"wp-block-columns is-layout-flex wp-container-core-columns-is-layout-28f84493 wp-block-columns-is-layout-flex\">\n<div class=\"wp-block-column is-layout-flow wp-block-column-is-layout-flow\">\n<div class=\"wp-block-contact-form-7-contact-form-selector\">\n<div class=\"wpcf7 no-js\" id=\"wpcf7-f10-o1\" lang=\"fr-FR\" dir=\"ltr\">\n<div class=\"screen-reader-response\"><p role=\"status\" aria-live=\"polite\" aria-atomic=\"true\"><\/p> <ul><\/ul><\/div>\n<form action=\"\/index.php?rest_route=%2Fwp%2Fv2%2Fpages%2F119#wpcf7-f10-o1\" method=\"post\" class=\"wpcf7-form init\" aria-label=\"Formulaire de contact\" novalidate=\"novalidate\" data-status=\"init\">\n<div style=\"display: none;\">\n<input type=\"hidden\" name=\"_wpcf7\" value=\"10\" \/>\n<input type=\"hidden\" name=\"_wpcf7_version\" value=\"5.9.3\" \/>\n<input type=\"hidden\" name=\"_wpcf7_locale\" value=\"fr_FR\" \/>\n<input type=\"hidden\" name=\"_wpcf7_unit_tag\" value=\"wpcf7-f10-o1\" \/>\n<input type=\"hidden\" name=\"_wpcf7_container_post\" value=\"0\" \/>\n<input type=\"hidden\" name=\"_wpcf7_posted_data_hash\" value=\"\" \/>\n<input type=\"hidden\" name=\"_wpcf7_recaptcha_response\" value=\"\" \/>\n<\/div>\n<p><label> Votre nom<br \/>\n<span class=\"wpcf7-form-control-wrap\" data-name=\"your-name\"><input size=\"40\" class=\"wpcf7-form-control wpcf7-text wpcf7-validates-as-required\" autocomplete=\"name\" aria-required=\"true\" aria-invalid=\"false\" value=\"\" type=\"text\" name=\"your-name\" \/><\/span> <\/label>\n<\/p>\n<p><label> Votre e-mail<br \/>\n<span class=\"wpcf7-form-control-wrap\" data-name=\"your-email\"><input size=\"40\" class=\"wpcf7-form-control wpcf7-email wpcf7-validates-as-required wpcf7-text wpcf7-validates-as-email\" autocomplete=\"email\" aria-required=\"true\" aria-invalid=\"false\" value=\"\" type=\"email\" name=\"your-email\" \/><\/span> <\/label>\n<\/p>\n<p><label> Objet<br \/>\n<span class=\"wpcf7-form-control-wrap\" data-name=\"your-subject\"><input size=\"40\" class=\"wpcf7-form-control wpcf7-text wpcf7-validates-as-required\" aria-required=\"true\" aria-invalid=\"false\" value=\"\" type=\"text\" name=\"your-subject\" \/><\/span> <\/label>\n<\/p>\n<p><label> Votre message (facultatif)<br \/>\n<span class=\"wpcf7-form-control-wrap\" data-name=\"your-message\"><textarea cols=\"40\" rows=\"10\" class=\"wpcf7-form-control wpcf7-textarea\" aria-invalid=\"false\" name=\"your-message\"><\/textarea><\/span> <\/label>\n<\/p>\n<p><input class=\"wpcf7-form-control wpcf7-submit has-spinner\" type=\"submit\" value=\"Envoyer\" \/>\n<\/p><div class=\"wpcf7-response-output\" aria-hidden=\"true\"><\/div>\n<\/form>\n<\/div>\n<\/div>\n<\/div>\n\n\n\n<div class=\"wp-block-column is-layout-flow wp-block-column-is-layout-flow\">\n<p><\/p>\n\n\n\n<p>Vous avez une question, nous sommes \u00e0 votre disposition, n&rsquo;h\u00e9sitez \u00e0 nous contacter.<\/p>\n\n\n\n<p>Do you have a question? We are here to help, feel free to contact us.<\/p>\n\n\n\n<figure class=\"wp-block-image size-large\"><img loading=\"lazy\" decoding=\"async\" width=\"1024\" height=\"733\" src=\"https:\/\/yunaasada.com\/wp-content\/uploads\/2024\/11\/Prota07-1024x733.jpg\" alt=\"\" class=\"wp-image-92\" srcset=\"https:\/\/yunaasada.com\/wp-content\/uploads\/2024\/11\/Prota07-1024x733.jpg 1024w, https:\/\/yunaasada.com\/wp-content\/uploads\/2024\/11\/Prota07-scaled-450x322.jpg 450w, https:\/\/yunaasada.com\/wp-content\/uploads\/2024\/11\/Prota07-scaled-600x430.jpg 600w, https:\/\/yunaasada.com\/wp-content\/uploads\/2024\/11\/Prota07-300x215.jpg 300w, https:\/\/yunaasada.com\/wp-content\/uploads\/2024\/11\/Prota07-768x550.jpg 768w, https:\/\/yunaasada.com\/wp-content\/uploads\/2024\/11\/Prota07-1536x1100.jpg 1536w, https:\/\/yunaasada.com\/wp-content\/uploads\/2024\/11\/Prota07-2048x1466.jpg 2048w\" sizes=\"auto, (max-width: 1024px) 100vw, 1024px\" \/><\/figure>\n<\/div>\n<\/div>\n\n\n\n<p><\/p>\n","protected":false},"excerpt":{"rendered":"<p>Vous avez une question, nous sommes \u00e0 votre disposition, n&rsquo;h\u00e9sitez \u00e0 nous contacter. Do you have a question? We are here to help, feel free to contact us.<\/p>\n","protected":false},"author":1,"featured_media":0,"parent":0,"menu_order":0,"comment_status":"closed","ping_status":"closed","template":"","meta":{"footnotes":""},"class_list":["post-119","page","type-page","status-publish","hentry"],"yoast_head":"<!-- This site is optimized with the Yoast SEO plugin v22.3 - https:\/\/yoast.com\/wordpress\/plugins\/seo\/ -->\n<title>Nous laisser un mail - Yuna ASADA<\/title>\n<meta name=\"robots\" content=\"index, follow, max-snippet:-1, max-image-preview:large, max-video-preview:-1\" \/>\n<link rel=\"canonical\" href=\"https:\/\/yunaasada.com\/?page_id=119\" \/>\n<meta property=\"og:locale\" content=\"fr_FR\" \/>\n<meta property=\"og:type\" content=\"article\" \/>\n<meta property=\"og:title\" content=\"Nous laisser un mail - Yuna ASADA\" \/>\n<meta property=\"og:description\" content=\"Vous avez une question, nous sommes \u00e0 votre disposition, n&rsquo;h\u00e9sitez \u00e0 nous contacter. Do you have a question? We are here to help, feel free to contact us.\" \/>\n<meta property=\"og:url\" content=\"https:\/\/yunaasada.com\/?page_id=119\" \/>\n<meta property=\"og:site_name\" content=\"Yuna ASADA\" \/>\n<meta property=\"article:modified_time\" content=\"2025-02-10T19:08:37+00:00\" \/>\n<meta property=\"og:image\" content=\"https:\/\/yunaasada.com\/wp-content\/uploads\/2024\/11\/Prota07-1024x733.jpg\" \/>\n<meta name=\"twitter:card\" content=\"summary_large_image\" \/>\n<meta name=\"twitter:label1\" content=\"Dur\u00e9e de lecture estim\u00e9e\" \/>\n\t<meta name=\"twitter:data1\" content=\"1 minute\" \/>\n<script type=\"application\/ld+json\" class=\"yoast-schema-graph\">{\"@context\":\"https:\/\/schema.org\",\"@graph\":[{\"@type\":\"WebPage\",\"@id\":\"https:\/\/yunaasada.com\/?page_id=119\",\"url\":\"https:\/\/yunaasada.com\/?page_id=119\",\"name\":\"Nous laisser un mail - Yuna ASADA\",\"isPartOf\":{\"@id\":\"https:\/\/yunaasada.com\/#website\"},\"primaryImageOfPage\":{\"@id\":\"https:\/\/yunaasada.com\/?page_id=119#primaryimage\"},\"image\":{\"@id\":\"https:\/\/yunaasada.com\/?page_id=119#primaryimage\"},\"thumbnailUrl\":\"https:\/\/yunaasada.com\/wp-content\/uploads\/2024\/11\/Prota07-1024x733.jpg\",\"datePublished\":\"2025-01-09T06:31:46+00:00\",\"dateModified\":\"2025-02-10T19:08:37+00:00\",\"breadcrumb\":{\"@id\":\"https:\/\/yunaasada.com\/?page_id=119#breadcrumb\"},\"inLanguage\":\"fr-FR\",\"potentialAction\":[{\"@type\":\"ReadAction\",\"target\":[\"https:\/\/yunaasada.com\/?page_id=119\"]}]},{\"@type\":\"ImageObject\",\"inLanguage\":\"fr-FR\",\"@id\":\"https:\/\/yunaasada.com\/?page_id=119#primaryimage\",\"url\":\"https:\/\/yunaasada.com\/wp-content\/uploads\/2024\/11\/Prota07-scaled.jpg\",\"contentUrl\":\"https:\/\/yunaasada.com\/wp-content\/uploads\/2024\/11\/Prota07-scaled.jpg\",\"width\":2560,\"height\":1833},{\"@type\":\"BreadcrumbList\",\"@id\":\"https:\/\/yunaasada.com\/?page_id=119#breadcrumb\",\"itemListElement\":[{\"@type\":\"ListItem\",\"position\":1,\"name\":\"Accueil\",\"item\":\"https:\/\/yunaasada.com\/\"},{\"@type\":\"ListItem\",\"position\":2,\"name\":\"Nous laisser un mail\"}]},{\"@type\":\"WebSite\",\"@id\":\"https:\/\/yunaasada.com\/#website\",\"url\":\"https:\/\/yunaasada.com\/\",\"name\":\"Yuna ASADA\",\"description\":\"\",\"potentialAction\":[{\"@type\":\"SearchAction\",\"target\":{\"@type\":\"EntryPoint\",\"urlTemplate\":\"https:\/\/yunaasada.com\/?s={search_term_string}\"},\"query-input\":\"required name=search_term_string\"}],\"inLanguage\":\"fr-FR\"}]}<\/script>\n<!-- \/ Yoast SEO plugin. -->","yoast_head_json":{"title":"Nous laisser un mail - Yuna ASADA","robots":{"index":"index","follow":"follow","max-snippet":"max-snippet:-1","max-image-preview":"max-image-preview:large","max-video-preview":"max-video-preview:-1"},"canonical":"https:\/\/yunaasada.com\/?page_id=119","og_locale":"fr_FR","og_type":"article","og_title":"Nous laisser un mail - Yuna ASADA","og_description":"Vous avez une question, nous sommes \u00e0 votre disposition, n&rsquo;h\u00e9sitez \u00e0 nous contacter. Do you have a question? We are here to help, feel free to contact us.","og_url":"https:\/\/yunaasada.com\/?page_id=119","og_site_name":"Yuna ASADA","article_modified_time":"2025-02-10T19:08:37+00:00","og_image":[{"url":"https:\/\/yunaasada.com\/wp-content\/uploads\/2024\/11\/Prota07-1024x733.jpg"}],"twitter_card":"summary_large_image","twitter_misc":{"Dur\u00e9e de lecture estim\u00e9e":"1 minute"},"schema":{"@context":"https:\/\/schema.org","@graph":[{"@type":"WebPage","@id":"https:\/\/yunaasada.com\/?page_id=119","url":"https:\/\/yunaasada.com\/?page_id=119","name":"Nous laisser un mail - Yuna ASADA","isPartOf":{"@id":"https:\/\/yunaasada.com\/#website"},"primaryImageOfPage":{"@id":"https:\/\/yunaasada.com\/?page_id=119#primaryimage"},"image":{"@id":"https:\/\/yunaasada.com\/?page_id=119#primaryimage"},"thumbnailUrl":"https:\/\/yunaasada.com\/wp-content\/uploads\/2024\/11\/Prota07-1024x733.jpg","datePublished":"2025-01-09T06:31:46+00:00","dateModified":"2025-02-10T19:08:37+00:00","breadcrumb":{"@id":"https:\/\/yunaasada.com\/?page_id=119#breadcrumb"},"inLanguage":"fr-FR","potentialAction":[{"@type":"ReadAction","target":["https:\/\/yunaasada.com\/?page_id=119"]}]},{"@type":"ImageObject","inLanguage":"fr-FR","@id":"https:\/\/yunaasada.com\/?page_id=119#primaryimage","url":"https:\/\/yunaasada.com\/wp-content\/uploads\/2024\/11\/Prota07-scaled.jpg","contentUrl":"https:\/\/yunaasada.com\/wp-content\/uploads\/2024\/11\/Prota07-scaled.jpg","width":2560,"height":1833},{"@type":"BreadcrumbList","@id":"https:\/\/yunaasada.com\/?page_id=119#breadcrumb","itemListElement":[{"@type":"ListItem","position":1,"name":"Accueil","item":"https:\/\/yunaasada.com\/"},{"@type":"ListItem","position":2,"name":"Nous laisser un mail"}]},{"@type":"WebSite","@id":"https:\/\/yunaasada.com\/#website","url":"https:\/\/yunaasada.com\/","name":"Yuna ASADA","description":"","potentialAction":[{"@type":"SearchAction","target":{"@type":"EntryPoint","urlTemplate":"https:\/\/yunaasada.com\/?s={search_term_string}"},"query-input":"required name=search_term_string"}],"inLanguage":"fr-FR"}]}},"_links":{"self":[{"href":"https:\/\/yunaasada.com\/index.php?rest_route=\/wp\/v2\/pages\/119","targetHints":{"allow":["GET"]}}],"collection":[{"href":"https:\/\/yunaasada.com\/index.php?rest_route=\/wp\/v2\/pages"}],"about":[{"href":"https:\/\/yunaasada.com\/index.php?rest_route=\/wp\/v2\/types\/page"}],"author":[{"embeddable":true,"href":"https:\/\/yunaasada.com\/index.php?rest_route=\/wp\/v2\/users\/1"}],"replies":[{"embeddable":true,"href":"https:\/\/yunaasada.com\/index.php?rest_route=%2Fwp%2Fv2%2Fcomments&post=119"}],"version-history":[{"count":8,"href":"https:\/\/yunaasada.com\/index.php?rest_route=\/wp\/v2\/pages\/119\/revisions"}],"predecessor-version":[{"id":144,"href":"https:\/\/yunaasada.com\/index.php?rest_route=\/wp\/v2\/pages\/119\/revisions\/144"}],"wp:attachment":[{"href":"https:\/\/yunaasada.com\/index.php?rest_route=%2Fwp%2Fv2%2Fmedia&parent=119"}],"curies":[{"name":"wp","href":"https:\/\/api.w.org\/{rel}","templated":true}]}}